{"id":3020,"date":"2024-03-23T21:19:38","date_gmt":"2024-03-23T20:19:38","guid":{"rendered":"https:\/\/xbike.be\/?page_id=3020"},"modified":"2024-12-10T09:06:38","modified_gmt":"2024-12-10T08:06:38","slug":"product-details","status":"publish","type":"page","link":"https:\/\/xbike.be\/index.php\/product-details\/","title":{"rendered":"D\u00e9tails du produit"},"content":{"rendered":"\t\t<div data-elementor-type=\"wp-page\" data-elementor-id=\"3020\" class=\"elementor elementor-3020\">\n\t\t\t\t\t\t<div class=\"elementor-section elementor-top-section elementor-element elementor-element-ed4252e elementor-section-boxed elementor-section-height-default elementor-section-height-default\" data-id=\"ed4252e\" data-element_type=\"section\" data-e-type=\"section\">\n\t\t\t\t\t\t<div class=\"elementor-container elementor-column-gap-default\">\n\t\t\t\t\t<div class=\"elementor-column elementor-col-100 elementor-top-column elementor-element elementor-element-de1f243\" data-id=\"de1f243\" data-element_type=\"column\" data-e-type=\"column\">\n\t\t\t<div class=\"elementor-widget-wrap elementor-element-populated\">\n\t\t\t\t\t\t<div class=\"elementor-element elementor-element-4354513 elementor-widget elementor-widget-shortcode\" data-id=\"4354513\" data-element_type=\"widget\" data-e-type=\"widget\" data-widget_type=\"shortcode.default\">\n\t\t\t\t<div class=\"elementor-widget-container\">\n\t\t\t\t\t\t\t<div class=\"elementor-shortcode\"><style>\n    .content {\n      width: 100% !important;\n    }\n    .product-detail-display {\n        display: flex;\n        width: 100%;\n        gap: 3rem;\n        margin-bottom: 2rem;\n    }\n    .spacer {\n      height: 4rem;\n    }\n    .product-info {\n      width: 100%;\n    }\n    .product-description {\n      white-space: break-word;\n    }\n    .img-fluid {\n        width: 500px;\n        max-width: 500px !important;\n    }\n    .product-title {\n      font-size: 35px;\n      margin: 0;\n    }\n    .price, .discount-price {\n      font-size: 2rem;\n      display: inline-block;\n      margin: 0;\n    }\n    .price {\n        color:red;\n    }\n    \n    .discount-price {\n      background-color: black;\n      padding: .8rem 1rem;\n      transform: skew(-20deg);\n      border-radius: 10px;\n      margin: 0;\n      color:white;\n    }\n    .prices {\n      display: flex;\n      gap: 30px;\n      margin: 30px 0;\n      align-items: center;\n    }\n    .discount-price .revert-skew {\n      display: inline-block;\n      transform: skew(20deg);\n    }\n    .line-through {\n      font-size: 1.7rem !important;\n      text-decoration: line-through;\n    }\n    .d-block {\n      display: block;\n    }\n    .list-product {\n      list-style: none;\n      padding: 0;\n    }\n    .list-product li {\n      margin: 0 !important;\n    }\n    .text-white {\n      color: white !important;\n    }\n\n    \/* Responsive adjustment *\/\n    @media (max-width: 768px) {\n      .product-detail-display {\n        flex-direction: column;\n      }\n      .img-fluid {\n        width: 100%;\n        max-width: 300px !important;\n      }\n    }\n<\/style>\n\n<body>\n    <div class=\"product-detail-display\">\n        <!-- Product Image -->\n        <div class=\"product-image\">\n                            <img decoding=\"async\" src=\"https:\/\/xbike.be\/wp-content\/uploads\/2023\/02\/xibke.jpg\" class=\"img-fluid\">\n                    <\/div>\n\n        <!-- Product Info -->\n        <div class=\"product-info\">\n            <h1 class=\"product-title\"><\/h1>\n                        <div class=\"prices\">\n              <h1 class=\"price  line-through \">\u20ac<\/h1>\n                              <h1 class=\"discount-price\"><span class=\"revert-skew\">\u20ac<\/span><\/h1>\n                          <\/div>\n            <ul class=\"list-product\">\n                                                                    <li><span class=\"text-black\">En stock: <\/span>Rupture<\/li>\n                                            <\/ul>\n        <\/div>\n    <\/div>\n    <div class=\"product-description\">\n      <p><\/p>\n    <\/div>\n    <div class=\"spacer\"><\/div>\n<\/body>\n<\/div>\n\t\t\t\t\t\t<\/div>\n\t\t\t\t<\/div>\n\t\t\t\t\t<\/div>\n\t\t<\/div>\n\t\t\t\t\t<\/div>\n\t\t<\/div>\n\t\t\t\t<\/div>\n\t\t","protected":false},"excerpt":{"rendered":"","protected":false},"author":6,"featured_media":0,"parent":0,"menu_order":0,"comment_status":"closed","ping_status":"closed","template":"","meta":{"_seopress_robots_primary_cat":"","_seopress_titles_title":"","_seopress_titles_desc":"","_seopress_robots_index":"","footnotes":""},"class_list":["post-3020","page","type-page","status-publish","hentry"],"yoast_head":"<!-- This site is optimized with the Yoast SEO plugin v27.2 - https:\/\/yoast.com\/product\/yoast-seo-wordpress\/ -->\n<title>D\u00e9tails du produit | Magasin de vente de v\u00e9los &amp; accessoires \u00e0 Tournai<\/title>\n<meta name=\"robots\" content=\"index, follow, max-snippet:-1, max-image-preview:large, max-video-preview:-1\" \/>\n<link rel=\"canonical\" href=\"https:\/\/xbike.be\/index.php\/product-details\/\" \/>\n<meta property=\"og:locale\" content=\"fr_FR\" \/>\n<meta property=\"og:type\" content=\"article\" \/>\n<meta property=\"og:title\" content=\"D\u00e9tails du produit | Magasin de vente de v\u00e9los &amp; accessoires \u00e0 Tournai\" \/>\n<meta property=\"og:url\" content=\"https:\/\/xbike.be\/index.php\/product-details\/\" \/>\n<meta property=\"og:site_name\" content=\"Xbike\" \/>\n<meta property=\"article:publisher\" content=\"https:\/\/www.facebook.com\/xbike.be\/\" \/>\n<meta property=\"article:modified_time\" content=\"2024-12-10T08:06:38+00:00\" \/>\n<meta name=\"twitter:card\" content=\"summary_large_image\" \/>\n<meta name=\"twitter:label1\" content=\"Dur\u00e9e de lecture est.\" \/>\n\t<meta name=\"twitter:data1\" content=\"1 minute\" \/>\n<script type=\"application\/ld+json\" class=\"yoast-schema-graph\">{\"@context\":\"https:\/\/schema.org\",\"@graph\":[{\"@type\":\"WebPage\",\"@id\":\"https:\/\/xbike.be\/index.php\/product-details\/\",\"url\":\"https:\/\/xbike.be\/index.php\/product-details\/\",\"name\":\"D\u00e9tails du produit | Magasin de vente de v\u00e9los & accessoires \u00e0 Tournai\",\"isPartOf\":{\"@id\":\"https:\/\/xbike.be\/#website\"},\"datePublished\":\"2024-03-23T20:19:38+00:00\",\"dateModified\":\"2024-12-10T08:06:38+00:00\",\"breadcrumb\":{\"@id\":\"https:\/\/xbike.be\/index.php\/product-details\/#breadcrumb\"},\"inLanguage\":\"fr-BE\",\"potentialAction\":[{\"@type\":\"ReadAction\",\"target\":[\"https:\/\/xbike.be\/index.php\/product-details\/\"]}]},{\"@type\":\"BreadcrumbList\",\"@id\":\"https:\/\/xbike.be\/index.php\/product-details\/#breadcrumb\",\"itemListElement\":[{\"@type\":\"ListItem\",\"position\":1,\"name\":\"Accueil\",\"item\":\"https:\/\/xbike.be\/\"},{\"@type\":\"ListItem\",\"position\":2,\"name\":\"D\u00e9tails du produit\"}]},{\"@type\":\"WebSite\",\"@id\":\"https:\/\/xbike.be\/#website\",\"url\":\"https:\/\/xbike.be\/\",\"name\":\"Xbike\",\"description\":\"\",\"publisher\":{\"@id\":\"https:\/\/xbike.be\/#organization\"},\"potentialAction\":[{\"@type\":\"SearchAction\",\"target\":{\"@type\":\"EntryPoint\",\"urlTemplate\":\"https:\/\/xbike.be\/?s={search_term_string}\"},\"query-input\":{\"@type\":\"PropertyValueSpecification\",\"valueRequired\":true,\"valueName\":\"search_term_string\"}}],\"inLanguage\":\"fr-BE\"},{\"@type\":\"Organization\",\"@id\":\"https:\/\/xbike.be\/#organization\",\"name\":\"Xbike\",\"url\":\"https:\/\/xbike.be\/\",\"logo\":{\"@type\":\"ImageObject\",\"inLanguage\":\"fr-BE\",\"@id\":\"https:\/\/xbike.be\/#\/schema\/logo\/image\/\",\"url\":\"https:\/\/xbike.be\/wp-content\/uploads\/2021\/09\/logo_black.png\",\"contentUrl\":\"https:\/\/xbike.be\/wp-content\/uploads\/2021\/09\/logo_black.png\",\"width\":759,\"height\":239,\"caption\":\"Xbike\"},\"image\":{\"@id\":\"https:\/\/xbike.be\/#\/schema\/logo\/image\/\"},\"sameAs\":[\"https:\/\/www.facebook.com\/xbike.be\/\",\"https:\/\/www.instagram.com\/xbike.tournai\/?hl=fr\"]}]}<\/script>\n<!-- \/ Yoast SEO plugin. -->","yoast_head_json":{"title":"D\u00e9tails du produit | Magasin de vente de v\u00e9los & accessoires \u00e0 Tournai","robots":{"index":"index","follow":"follow","max-snippet":"max-snippet:-1","max-image-preview":"max-image-preview:large","max-video-preview":"max-video-preview:-1"},"canonical":"https:\/\/xbike.be\/index.php\/product-details\/","og_locale":"fr_FR","og_type":"article","og_title":"D\u00e9tails du produit | Magasin de vente de v\u00e9los & accessoires \u00e0 Tournai","og_url":"https:\/\/xbike.be\/index.php\/product-details\/","og_site_name":"Xbike","article_publisher":"https:\/\/www.facebook.com\/xbike.be\/","article_modified_time":"2024-12-10T08:06:38+00:00","twitter_card":"summary_large_image","twitter_misc":{"Dur\u00e9e de lecture est.":"1 minute"},"schema":{"@context":"https:\/\/schema.org","@graph":[{"@type":"WebPage","@id":"https:\/\/xbike.be\/index.php\/product-details\/","url":"https:\/\/xbike.be\/index.php\/product-details\/","name":"D\u00e9tails du produit | Magasin de vente de v\u00e9los & accessoires \u00e0 Tournai","isPartOf":{"@id":"https:\/\/xbike.be\/#website"},"datePublished":"2024-03-23T20:19:38+00:00","dateModified":"2024-12-10T08:06:38+00:00","breadcrumb":{"@id":"https:\/\/xbike.be\/index.php\/product-details\/#breadcrumb"},"inLanguage":"fr-BE","potentialAction":[{"@type":"ReadAction","target":["https:\/\/xbike.be\/index.php\/product-details\/"]}]},{"@type":"BreadcrumbList","@id":"https:\/\/xbike.be\/index.php\/product-details\/#breadcrumb","itemListElement":[{"@type":"ListItem","position":1,"name":"Accueil","item":"https:\/\/xbike.be\/"},{"@type":"ListItem","position":2,"name":"D\u00e9tails du produit"}]},{"@type":"WebSite","@id":"https:\/\/xbike.be\/#website","url":"https:\/\/xbike.be\/","name":"Xbike","description":"","publisher":{"@id":"https:\/\/xbike.be\/#organization"},"potentialAction":[{"@type":"SearchAction","target":{"@type":"EntryPoint","urlTemplate":"https:\/\/xbike.be\/?s={search_term_string}"},"query-input":{"@type":"PropertyValueSpecification","valueRequired":true,"valueName":"search_term_string"}}],"inLanguage":"fr-BE"},{"@type":"Organization","@id":"https:\/\/xbike.be\/#organization","name":"Xbike","url":"https:\/\/xbike.be\/","logo":{"@type":"ImageObject","inLanguage":"fr-BE","@id":"https:\/\/xbike.be\/#\/schema\/logo\/image\/","url":"https:\/\/xbike.be\/wp-content\/uploads\/2021\/09\/logo_black.png","contentUrl":"https:\/\/xbike.be\/wp-content\/uploads\/2021\/09\/logo_black.png","width":759,"height":239,"caption":"Xbike"},"image":{"@id":"https:\/\/xbike.be\/#\/schema\/logo\/image\/"},"sameAs":["https:\/\/www.facebook.com\/xbike.be\/","https:\/\/www.instagram.com\/xbike.tournai\/?hl=fr"]}]}},"jetpack_sharing_enabled":true,"_links":{"self":[{"href":"https:\/\/xbike.be\/index.php\/wp-json\/wp\/v2\/pages\/3020","targetHints":{"allow":["GET"]}}],"collection":[{"href":"https:\/\/xbike.be\/index.php\/wp-json\/wp\/v2\/pages"}],"about":[{"href":"https:\/\/xbike.be\/index.php\/wp-json\/wp\/v2\/types\/page"}],"author":[{"embeddable":true,"href":"https:\/\/xbike.be\/index.php\/wp-json\/wp\/v2\/users\/6"}],"replies":[{"embeddable":true,"href":"https:\/\/xbike.be\/index.php\/wp-json\/wp\/v2\/comments?post=3020"}],"version-history":[{"count":5,"href":"https:\/\/xbike.be\/index.php\/wp-json\/wp\/v2\/pages\/3020\/revisions"}],"predecessor-version":[{"id":3072,"href":"https:\/\/xbike.be\/index.php\/wp-json\/wp\/v2\/pages\/3020\/revisions\/3072"}],"wp:attachment":[{"href":"https:\/\/xbike.be\/index.php\/wp-json\/wp\/v2\/media?parent=3020"}],"curies":[{"name":"wp","href":"https:\/\/api.w.org\/{rel}","templated":true}]}}