{"id":2444,"date":"2023-01-18T18:27:14","date_gmt":"2023-01-18T17:27:14","guid":{"rendered":"https:\/\/xbike.be\/?page_id=2444"},"modified":"2023-02-13T11:34:32","modified_gmt":"2023-02-13T10:34:32","slug":"latelier","status":"publish","type":"page","link":"https:\/\/xbike.be\/index.php\/latelier\/","title":{"rendered":"L\u2019atelier"},"content":{"rendered":"\t\t<div data-elementor-type=\"wp-page\" data-elementor-id=\"2444\" class=\"elementor elementor-2444\">\n\t\t\t\t\t\t<div class=\"elementor-section elementor-top-section elementor-element elementor-element-666d4e3 elementor-section-full_width elementor-section-height-min-height elementor-section-height-default elementor-section-items-middle\" data-id=\"666d4e3\" data-element_type=\"section\" data-e-type=\"section\" data-settings=\"{&quot;background_background&quot;:&quot;classic&quot;}\">\n\t\t\t\t\t\t<div class=\"elementor-container elementor-column-gap-wider\">\n\t\t\t\t\t<div class=\"elementor-column elementor-col-100 elementor-top-column elementor-element elementor-element-e5bcca4\" data-id=\"e5bcca4\" data-element_type=\"column\" data-e-type=\"column\">\n\t\t\t<div class=\"elementor-widget-wrap elementor-element-populated\">\n\t\t\t\t\t\t<div class=\"elementor-element elementor-element-5e65753 elementor-widget elementor-widget-heading\" data-id=\"5e65753\" data-element_type=\"widget\" data-e-type=\"widget\" data-widget_type=\"heading.default\">\n\t\t\t\t<div class=\"elementor-widget-container\">\n\t\t\t\t\t<h2 class=\"elementor-heading-title elementor-size-default\">R\u00e9parations et entretien de v\u00e9los<\/h2>\t\t\t\t<\/div>\n\t\t\t\t<\/div>\n\t\t\t\t\t<\/div>\n\t\t<\/div>\n\t\t\t\t\t<\/div>\n\t\t<\/div>\n\t\t\t\t<div class=\"elementor-section elementor-top-section elementor-element elementor-element-127b29a elementor-section-content-middle elementor-section-boxed elementor-section-height-default elementor-section-height-default\" data-id=\"127b29a\" data-element_type=\"section\" data-e-type=\"section\">\n\t\t\t\t\t\t<div class=\"elementor-container elementor-column-gap-wider\">\n\t\t\t\t\t<div class=\"elementor-column elementor-col-50 elementor-top-column elementor-element elementor-element-6971120\" data-id=\"6971120\" data-element_type=\"column\" data-e-type=\"column\">\n\t\t\t<div class=\"elementor-widget-wrap elementor-element-populated\">\n\t\t\t\t\t\t<div class=\"elementor-element elementor-element-4155547 elementor-widget elementor-widget-image\" data-id=\"4155547\" data-element_type=\"widget\" data-e-type=\"widget\" data-widget_type=\"image.default\">\n\t\t\t\t<div class=\"elementor-widget-container\">\n\t\t\t\t\t\t\t\t\t\t\t\t\t\t\t<img fetchpriority=\"high\" decoding=\"async\" width=\"672\" height=\"568\" src=\"https:\/\/xbike.be\/wp-content\/uploads\/2023\/02\/atelier01.jpg\" class=\"attachment-large size-large wp-image-2877\" alt=\"\" srcset=\"https:\/\/xbike.be\/wp-content\/uploads\/2023\/02\/atelier01.jpg 672w, https:\/\/xbike.be\/wp-content\/uploads\/2023\/02\/atelier01-300x254.jpg 300w\" sizes=\"(max-width: 672px) 100vw, 672px\" \/>\t\t\t\t\t\t\t\t\t\t\t\t\t\t\t<\/div>\n\t\t\t\t<\/div>\n\t\t\t\t\t<\/div>\n\t\t<\/div>\n\t\t\t\t<div class=\"elementor-column elementor-col-50 elementor-top-column elementor-element elementor-element-8d38154\" data-id=\"8d38154\" data-element_type=\"column\" data-e-type=\"column\">\n\t\t\t<div class=\"elementor-widget-wrap elementor-element-populated\">\n\t\t\t\t\t\t<div class=\"elementor-element elementor-element-d8627a2 novaworks-heading-align-left novaworks-heading-fill-color elementor-widget elementor-widget-novaworks-heading\" data-id=\"d8627a2\" data-element_type=\"widget\" data-e-type=\"widget\" data-widget_type=\"novaworks-heading.default\">\n\t\t\t\t<div class=\"elementor-widget-container\">\n\t\t\t\t\t\n      <div class=\"novaworks-module-content novaworks-heading-wrapper\">\n                <div class=\"novaworks-module-content novaworks-separator-parent\">\n                    <div class=\"novaworks-separator-wrap\">\n            <div class=\"novaworks-separator-line novaworks-side-left\">\n              <span><\/span>\n            <\/div>\n            <div class=\"novaworks-divider-content\">\n                      <div class=\"novaworks-module-content novaworks-imgicon-wrap elementor-animation-shrink\">                    \n                                <div class=\"novaworks-image\" itemscope itemtype=\"http:\/\/schema.org\/ImageObject\">\n              <div class=\"novaworks-image-content\">\n                              <\/div>\n            <\/div>\n                  <\/div>\n                      \n            <\/div>\n            <div class=\"novaworks-separator-line novaworks-side-right\">\n              <span><\/span>\n            <\/div>\n          <\/div>\n                          <\/div>\n        \n        <h2 class=\"novaworks-heading\">\n                        <span class=\"novaworks-heading-text elementor-inline-editing novaworks-size--default\" data-elementor-setting-key=\"heading_title\" data-elementor-inline-editing-toolbar=\"basic\" >L\u2019atelier<\/span>\n                  <\/h2>\n\n        \n        \n        \n                <\/div>\n      \t\t\t\t<\/div>\n\t\t\t\t<\/div>\n\t\t\t\t<div class=\"elementor-element elementor-element-31886ec elementor-widget elementor-widget-heading\" data-id=\"31886ec\" data-element_type=\"widget\" data-e-type=\"widget\" data-widget_type=\"heading.default\">\n\t\t\t\t<div class=\"elementor-widget-container\">\n\t\t\t\t\t<div class=\"elementor-heading-title elementor-size-default\">Quentin, Romu et Adrien vous accueillent dans leur atelier pour l\u2019entretien et la r\u00e9paration de votre v\u00e9lo. Nous r\u00e9parons tous les types de v\u00e9los et notre atelier est \u00e9galement agr\u00e9\u00e9 Shimano services center. Seul 5 % des magasins du Wallonie sont certifi\u00e9s Shimano. Notre atelier est agr\u00e9\u00e9 Bosch pour les moteurs des v\u00e9los \u00e9lectriques.\n<\/div>\t\t\t\t<\/div>\n\t\t\t\t<\/div>\n\t\t\t\t<div class=\"elementor-element elementor-element-0de59dc elementor-widget elementor-widget-icon-box\" data-id=\"0de59dc\" data-element_type=\"widget\" data-e-type=\"widget\" data-widget_type=\"icon-box.default\">\n\t\t\t\t<div class=\"elementor-widget-container\">\n\t\t\t\t\t\t\t<div class=\"elementor-icon-box-wrapper\">\n\n\t\t\t\n\t\t\t\t\t\t<div class=\"elementor-icon-box-content\">\n\n\t\t\t\t\n\t\t\t\t\t\t\t\t\t<p class=\"elementor-icon-box-description\">\n\t\t\t\t\t\tFort de leur 12 et 20 ans d\u2019exp\u00e9rience dont 3 ans comme professionnel sur le Tour de France, Quentin et Romu sont l\u00e0 pour vous donner des conseils sur l\u2019entretien de vos plus beaux v\u00e9los.\t\t\t\t\t<\/p>\n\t\t\t\t\n\t\t\t<\/div>\n\t\t\t\n\t\t<\/div>\n\t\t\t\t\t\t<\/div>\n\t\t\t\t<\/div>\n\t\t\t\t\t<\/div>\n\t\t<\/div>\n\t\t\t\t\t<\/div>\n\t\t<\/div>\n\t\t\t\t<div class=\"elementor-section elementor-top-section elementor-element elementor-element-275052d elementor-section-full_width elementor-section-height-min-height elementor-section-items-top elementor-section-height-default\" data-id=\"275052d\" data-element_type=\"section\" data-e-type=\"section\" data-settings=\"{&quot;background_background&quot;:&quot;classic&quot;}\">\n\t\t\t\t\t\t<div class=\"elementor-container elementor-column-gap-default\">\n\t\t\t\t\t<div class=\"elementor-column elementor-col-100 elementor-top-column elementor-element elementor-element-68f3441\" data-id=\"68f3441\" data-element_type=\"column\" data-e-type=\"column\">\n\t\t\t<div class=\"elementor-widget-wrap elementor-element-populated\">\n\t\t\t\t\t\t<div class=\"elementor-element elementor-element-441ec61 elementor-absolute elementor-hidden-mobile_extra elementor-hidden-mobile elementor-widget elementor-widget-heading\" data-id=\"441ec61\" data-element_type=\"widget\" data-e-type=\"widget\" data-settings=\"{&quot;_position&quot;:&quot;absolute&quot;}\" data-widget_type=\"heading.default\">\n\t\t\t\t<div class=\"elementor-widget-container\">\n\t\t\t\t\t<h2 class=\"elementor-heading-title elementor-size-default\"><br>L'atelier<\/h2>\t\t\t\t<\/div>\n\t\t\t\t<\/div>\n\t\t\t\t<div class=\"elementor-element elementor-element-c0d239d elementor-widget__width-auto elementor-absolute elementor-hidden-desktop elementor-hidden-laptop elementor-hidden-tablet elementor-hidden-mobile_extra elementor-hidden-mobile elementor-widget elementor-widget-novaworks-video-modal\" data-id=\"c0d239d\" data-element_type=\"widget\" data-e-type=\"widget\" data-settings=\"{&quot;_position&quot;:&quot;absolute&quot;}\" data-widget_type=\"novaworks-video-modal.default\">\n\t\t\t\t<div class=\"elementor-widget-container\">\n\t\t\t\t\t<div class=\"nova-video-modal\"><a href=\"#\" class=\"js-video-modal video-modal-btn\"><i aria-hidden=\"true\" class=\"novaicon media-1_button-play\"><\/i><\/a><\/div>\t\t\t\t<\/div>\n\t\t\t\t<\/div>\n\t\t\t\t\t<\/div>\n\t\t<\/div>\n\t\t\t\t\t<\/div>\n\t\t<\/div>\n\t\t\t\t<div class=\"elementor-section elementor-top-section elementor-element elementor-element-e700079 elementor-section-content-middle elementor-reverse-mobile_extra elementor-reverse-mobile elementor-section-boxed elementor-section-height-default elementor-section-height-default\" data-id=\"e700079\" data-element_type=\"section\" data-e-type=\"section\">\n\t\t\t\t\t\t<div class=\"elementor-container elementor-column-gap-wider\">\n\t\t\t\t\t<div class=\"elementor-column elementor-col-50 elementor-top-column elementor-element elementor-element-f3a98c6\" data-id=\"f3a98c6\" data-element_type=\"column\" data-e-type=\"column\">\n\t\t\t<div class=\"elementor-widget-wrap elementor-element-populated\">\n\t\t\t\t\t\t<div class=\"elementor-element elementor-element-052ed34 novaworks-heading-align-left novaworks-heading-fill-color elementor-widget elementor-widget-novaworks-heading\" data-id=\"052ed34\" data-element_type=\"widget\" data-e-type=\"widget\" data-widget_type=\"novaworks-heading.default\">\n\t\t\t\t<div class=\"elementor-widget-container\">\n\t\t\t\t\t\n      <div class=\"novaworks-module-content novaworks-heading-wrapper\">\n                <div class=\"novaworks-module-content novaworks-separator-parent\">\n                    <div class=\"novaworks-separator-wrap\">\n            <div class=\"novaworks-separator-line novaworks-side-left\">\n              <span><\/span>\n            <\/div>\n            <div class=\"novaworks-divider-content\">\n                      <div class=\"novaworks-module-content novaworks-imgicon-wrap elementor-animation-shrink\">                    \n                                <div class=\"novaworks-image\" itemscope itemtype=\"http:\/\/schema.org\/ImageObject\">\n              <div class=\"novaworks-image-content\">\n                              <\/div>\n            <\/div>\n                  <\/div>\n                      \n            <\/div>\n            <div class=\"novaworks-separator-line novaworks-side-right\">\n              <span><\/span>\n            <\/div>\n          <\/div>\n                          <\/div>\n        \n        <h2 class=\"novaworks-heading\">\n                        <span class=\"novaworks-heading-text elementor-inline-editing novaworks-size--default\" data-elementor-setting-key=\"heading_title\" data-elementor-inline-editing-toolbar=\"basic\" >TARIF ATELIER <br \/><\/span>\n                  <\/h2>\n\n        \n        \n        \n                <\/div>\n      \t\t\t\t<\/div>\n\t\t\t\t<\/div>\n\t\t\t\t<div class=\"elementor-element elementor-element-024af24 elementor-icon-list--layout-traditional elementor-list-item-link-full_width elementor-widget elementor-widget-icon-list\" data-id=\"024af24\" data-element_type=\"widget\" data-e-type=\"widget\" data-widget_type=\"icon-list.default\">\n\t\t\t\t<div class=\"elementor-widget-container\">\n\t\t\t\t\t\t\t<ul class=\"elementor-icon-list-items\">\n\t\t\t\t\t\t\t<li class=\"elementor-icon-list-item\">\n\t\t\t\t\t\t\t\t\t\t\t<span class=\"elementor-icon-list-icon\">\n\t\t\t\t\t\t\t<i aria-hidden=\"true\" class=\"fas fa-check\"><\/i>\t\t\t\t\t\t<\/span>\n\t\t\t\t\t\t\t\t\t\t<span class=\"elementor-icon-list-text\">Entretien, r\u00e9paration : 50\u20ac \/ heure<\/span>\n\t\t\t\t\t\t\t\t\t<\/li>\n\t\t\t\t\t\t\t\t<li class=\"elementor-icon-list-item\">\n\t\t\t\t\t\t\t\t\t\t\t<span class=\"elementor-icon-list-icon\">\n\t\t\t\t\t\t\t<i aria-hidden=\"true\" class=\"fas fa-check\"><\/i>\t\t\t\t\t\t<\/span>\n\t\t\t\t\t\t\t\t\t\t<span class=\"elementor-icon-list-text\">Main d\u2019\u0153uvre offerte sur nos montages \u00e0 la carte<\/span>\n\t\t\t\t\t\t\t\t\t<\/li>\n\t\t\t\t\t\t\t\t<li class=\"elementor-icon-list-item\">\n\t\t\t\t\t\t\t\t\t\t\t<span class=\"elementor-icon-list-icon\">\n\t\t\t\t\t\t\t<i aria-hidden=\"true\" class=\"fas fa-check\"><\/i>\t\t\t\t\t\t<\/span>\n\t\t\t\t\t\t\t\t\t\t<span class=\"elementor-icon-list-text\">Service de garantie <\/span>\n\t\t\t\t\t\t\t\t\t<\/li>\n\t\t\t\t\t\t\t\t<li class=\"elementor-icon-list-item\">\n\t\t\t\t\t\t\t\t\t\t\t<span class=\"elementor-icon-list-icon\">\n\t\t\t\t\t\t\t<i aria-hidden=\"true\" class=\"fas fa-check\"><\/i>\t\t\t\t\t\t<\/span>\n\t\t\t\t\t\t\t\t\t\t<span class=\"elementor-icon-list-text\">Pour tout v\u00e9lo achet\u00e9 chez Xbike, le premier entretien est offert<\/span>\n\t\t\t\t\t\t\t\t\t<\/li>\n\t\t\t\t\t\t<\/ul>\n\t\t\t\t\t\t<\/div>\n\t\t\t\t<\/div>\n\t\t\t\t\t<\/div>\n\t\t<\/div>\n\t\t\t\t<div class=\"elementor-column elementor-col-50 elementor-top-column elementor-element elementor-element-1fc75ea\" data-id=\"1fc75ea\" data-element_type=\"column\" data-e-type=\"column\">\n\t\t\t<div class=\"elementor-widget-wrap elementor-element-populated\">\n\t\t\t\t\t\t<div class=\"elementor-element elementor-element-bb2ae35 elementor-widget elementor-widget-image\" data-id=\"bb2ae35\" data-element_type=\"widget\" data-e-type=\"widget\" data-widget_type=\"image.default\">\n\t\t\t\t<div class=\"elementor-widget-container\">\n\t\t\t\t\t\t\t\t\t\t\t\t\t\t\t<img decoding=\"async\" width=\"490\" height=\"633\" src=\"https:\/\/xbike.be\/wp-content\/uploads\/2023\/01\/atelier_2.jpg\" class=\"attachment-large size-large wp-image-2539\" alt=\"\" srcset=\"https:\/\/xbike.be\/wp-content\/uploads\/2023\/01\/atelier_2.jpg 490w, https:\/\/xbike.be\/wp-content\/uploads\/2023\/01\/atelier_2-232x300.jpg 232w\" sizes=\"(max-width: 490px) 100vw, 490px\" \/>\t\t\t\t\t\t\t\t\t\t\t\t\t\t\t<\/div>\n\t\t\t\t<\/div>\n\t\t\t\t<div class=\"elementor-element elementor-element-785aa32 elementor-widget elementor-widget-spacer\" data-id=\"785aa32\" data-element_type=\"widget\" data-e-type=\"widget\" data-widget_type=\"spacer.default\">\n\t\t\t\t<div class=\"elementor-widget-container\">\n\t\t\t\t\t\t\t<div class=\"elementor-spacer\">\n\t\t\t<div class=\"elementor-spacer-inner\"><\/div>\n\t\t<\/div>\n\t\t\t\t\t\t<\/div>\n\t\t\t\t<\/div>\n\t\t\t\t\t<\/div>\n\t\t<\/div>\n\t\t\t\t\t<\/div>\n\t\t<\/div>\n\t\t\t\t<div class=\"elementor-section elementor-top-section elementor-element elementor-element-2db0b86 elementor-section-boxed elementor-section-height-default elementor-section-height-default\" data-id=\"2db0b86\" data-element_type=\"section\" data-e-type=\"section\">\n\t\t\t\t\t\t<div class=\"elementor-container elementor-column-gap-default\">\n\t\t\t\t\t<div class=\"elementor-column elementor-col-100 elementor-top-column elementor-element elementor-element-bdd6a86\" data-id=\"bdd6a86\" data-element_type=\"column\" data-e-type=\"column\">\n\t\t\t<div class=\"elementor-widget-wrap\">\n\t\t\t\t\t\t\t<\/div>\n\t\t<\/div>\n\t\t\t\t\t<\/div>\n\t\t<\/div>\n\t\t\t\t<\/div>\n\t\t","protected":false},"excerpt":{"rendered":"<p>R\u00e9parations et entretien de v\u00e9los L\u2019atelier Quentin, Romu et Adrien vous accueillent dans leur atelier pour l\u2019entretien et la r\u00e9paration de votre v\u00e9lo. Nous r\u00e9parons tous les types de v\u00e9los et notre atelier est \u00e9galement agr\u00e9\u00e9 Shimano services center. Seul 5 % des magasins du Wallonie sont certifi\u00e9s Shimano. Notre atelier est agr\u00e9\u00e9 Bosch pour les moteurs des v\u00e9los \u00e9lectriques.\u2026<\/p>\n","protected":false},"author":2,"featured_media":0,"parent":0,"menu_order":0,"comment_status":"closed","ping_status":"closed","template":"elementor_header_footer","meta":{"_seopress_robots_primary_cat":"","_seopress_titles_title":"","_seopress_titles_desc":"","_seopress_robots_index":"","footnotes":""},"class_list":["post-2444","page","type-page","status-publish","hentry"],"yoast_head":"<!-- This site is optimized with the Yoast SEO plugin v27.2 - https:\/\/yoast.com\/product\/yoast-seo-wordpress\/ -->\n<title>L&#039;atelier | Magasin de vente de v\u00e9los &amp; accessoires \u00e0 Tournai<\/title>\n<meta name=\"description\" content=\"Fort de leur 12 et 20 ans d\u2019exp\u00e9rience, Quentin et Romu sont l\u00e0 pour vous donner des conseils sur l\u2019entretien\" \/>\n<meta name=\"robots\" content=\"index, follow, max-snippet:-1, max-image-preview:large, max-video-preview:-1\" \/>\n<link rel=\"canonical\" href=\"https:\/\/xbike.be\/index.php\/latelier\/\" \/>\n<meta property=\"og:locale\" content=\"fr_FR\" \/>\n<meta property=\"og:type\" content=\"article\" \/>\n<meta property=\"og:title\" content=\"L&#039;atelier | Magasin de vente de v\u00e9los &amp; accessoires \u00e0 Tournai\" \/>\n<meta property=\"og:description\" content=\"Fort de leur 12 et 20 ans d\u2019exp\u00e9rience, Quentin et Romu sont l\u00e0 pour vous donner des conseils sur l\u2019entretien\" \/>\n<meta property=\"og:url\" content=\"https:\/\/xbike.be\/index.php\/latelier\/\" \/>\n<meta property=\"og:site_name\" content=\"Xbike\" \/>\n<meta property=\"article:publisher\" content=\"https:\/\/www.facebook.com\/xbike.be\/\" \/>\n<meta property=\"article:modified_time\" content=\"2023-02-13T10:34:32+00:00\" \/>\n<meta property=\"og:image\" content=\"https:\/\/xbike.be\/wp-content\/uploads\/2023\/02\/atelier01.jpg\" \/>\n<meta name=\"twitter:card\" content=\"summary_large_image\" \/>\n<meta name=\"twitter:label1\" content=\"Dur\u00e9e de lecture est.\" \/>\n\t<meta name=\"twitter:data1\" content=\"2 minutes\" \/>\n<script type=\"application\/ld+json\" class=\"yoast-schema-graph\">{\"@context\":\"https:\/\/schema.org\",\"@graph\":[{\"@type\":\"WebPage\",\"@id\":\"https:\/\/xbike.be\/index.php\/latelier\/\",\"url\":\"https:\/\/xbike.be\/index.php\/latelier\/\",\"name\":\"L'atelier | Magasin de vente de v\u00e9los & accessoires \u00e0 Tournai\",\"isPartOf\":{\"@id\":\"https:\/\/xbike.be\/#website\"},\"primaryImageOfPage\":{\"@id\":\"https:\/\/xbike.be\/index.php\/latelier\/#primaryimage\"},\"image\":{\"@id\":\"https:\/\/xbike.be\/index.php\/latelier\/#primaryimage\"},\"thumbnailUrl\":\"https:\/\/xbike.be\/wp-content\/uploads\/2023\/02\/atelier01.jpg\",\"datePublished\":\"2023-01-18T17:27:14+00:00\",\"dateModified\":\"2023-02-13T10:34:32+00:00\",\"description\":\"Fort de leur 12 et 20 ans d\u2019exp\u00e9rience, Quentin et Romu sont l\u00e0 pour vous donner des conseils sur l\u2019entretien\",\"breadcrumb\":{\"@id\":\"https:\/\/xbike.be\/index.php\/latelier\/#breadcrumb\"},\"inLanguage\":\"fr-BE\",\"potentialAction\":[{\"@type\":\"ReadAction\",\"target\":[\"https:\/\/xbike.be\/index.php\/latelier\/\"]}]},{\"@type\":\"ImageObject\",\"inLanguage\":\"fr-BE\",\"@id\":\"https:\/\/xbike.be\/index.php\/latelier\/#primaryimage\",\"url\":\"https:\/\/xbike.be\/wp-content\/uploads\/2023\/02\/atelier01.jpg\",\"contentUrl\":\"https:\/\/xbike.be\/wp-content\/uploads\/2023\/02\/atelier01.jpg\",\"width\":672,\"height\":568},{\"@type\":\"BreadcrumbList\",\"@id\":\"https:\/\/xbike.be\/index.php\/latelier\/#breadcrumb\",\"itemListElement\":[{\"@type\":\"ListItem\",\"position\":1,\"name\":\"Accueil\",\"item\":\"https:\/\/xbike.be\/\"},{\"@type\":\"ListItem\",\"position\":2,\"name\":\"L\u2019atelier\"}]},{\"@type\":\"WebSite\",\"@id\":\"https:\/\/xbike.be\/#website\",\"url\":\"https:\/\/xbike.be\/\",\"name\":\"Xbike\",\"description\":\"\",\"publisher\":{\"@id\":\"https:\/\/xbike.be\/#organization\"},\"potentialAction\":[{\"@type\":\"SearchAction\",\"target\":{\"@type\":\"EntryPoint\",\"urlTemplate\":\"https:\/\/xbike.be\/?s={search_term_string}\"},\"query-input\":{\"@type\":\"PropertyValueSpecification\",\"valueRequired\":true,\"valueName\":\"search_term_string\"}}],\"inLanguage\":\"fr-BE\"},{\"@type\":\"Organization\",\"@id\":\"https:\/\/xbike.be\/#organization\",\"name\":\"Xbike\",\"url\":\"https:\/\/xbike.be\/\",\"logo\":{\"@type\":\"ImageObject\",\"inLanguage\":\"fr-BE\",\"@id\":\"https:\/\/xbike.be\/#\/schema\/logo\/image\/\",\"url\":\"https:\/\/xbike.be\/wp-content\/uploads\/2021\/09\/logo_black.png\",\"contentUrl\":\"https:\/\/xbike.be\/wp-content\/uploads\/2021\/09\/logo_black.png\",\"width\":759,\"height\":239,\"caption\":\"Xbike\"},\"image\":{\"@id\":\"https:\/\/xbike.be\/#\/schema\/logo\/image\/\"},\"sameAs\":[\"https:\/\/www.facebook.com\/xbike.be\/\",\"https:\/\/www.instagram.com\/xbike.tournai\/?hl=fr\"]}]}<\/script>\n<!-- \/ Yoast SEO plugin. -->","yoast_head_json":{"title":"L'atelier | Magasin de vente de v\u00e9los & accessoires \u00e0 Tournai","description":"Fort de leur 12 et 20 ans d\u2019exp\u00e9rience, Quentin et Romu sont l\u00e0 pour vous donner des conseils sur l\u2019entretien","robots":{"index":"index","follow":"follow","max-snippet":"max-snippet:-1","max-image-preview":"max-image-preview:large","max-video-preview":"max-video-preview:-1"},"canonical":"https:\/\/xbike.be\/index.php\/latelier\/","og_locale":"fr_FR","og_type":"article","og_title":"L'atelier | Magasin de vente de v\u00e9los & accessoires \u00e0 Tournai","og_description":"Fort de leur 12 et 20 ans d\u2019exp\u00e9rience, Quentin et Romu sont l\u00e0 pour vous donner des conseils sur l\u2019entretien","og_url":"https:\/\/xbike.be\/index.php\/latelier\/","og_site_name":"Xbike","article_publisher":"https:\/\/www.facebook.com\/xbike.be\/","article_modified_time":"2023-02-13T10:34:32+00:00","og_image":[{"url":"https:\/\/xbike.be\/wp-content\/uploads\/2023\/02\/atelier01.jpg","type":"","width":"","height":""}],"twitter_card":"summary_large_image","twitter_misc":{"Dur\u00e9e de lecture est.":"2 minutes"},"schema":{"@context":"https:\/\/schema.org","@graph":[{"@type":"WebPage","@id":"https:\/\/xbike.be\/index.php\/latelier\/","url":"https:\/\/xbike.be\/index.php\/latelier\/","name":"L'atelier | Magasin de vente de v\u00e9los & accessoires \u00e0 Tournai","isPartOf":{"@id":"https:\/\/xbike.be\/#website"},"primaryImageOfPage":{"@id":"https:\/\/xbike.be\/index.php\/latelier\/#primaryimage"},"image":{"@id":"https:\/\/xbike.be\/index.php\/latelier\/#primaryimage"},"thumbnailUrl":"https:\/\/xbike.be\/wp-content\/uploads\/2023\/02\/atelier01.jpg","datePublished":"2023-01-18T17:27:14+00:00","dateModified":"2023-02-13T10:34:32+00:00","description":"Fort de leur 12 et 20 ans d\u2019exp\u00e9rience, Quentin et Romu sont l\u00e0 pour vous donner des conseils sur l\u2019entretien","breadcrumb":{"@id":"https:\/\/xbike.be\/index.php\/latelier\/#breadcrumb"},"inLanguage":"fr-BE","potentialAction":[{"@type":"ReadAction","target":["https:\/\/xbike.be\/index.php\/latelier\/"]}]},{"@type":"ImageObject","inLanguage":"fr-BE","@id":"https:\/\/xbike.be\/index.php\/latelier\/#primaryimage","url":"https:\/\/xbike.be\/wp-content\/uploads\/2023\/02\/atelier01.jpg","contentUrl":"https:\/\/xbike.be\/wp-content\/uploads\/2023\/02\/atelier01.jpg","width":672,"height":568},{"@type":"BreadcrumbList","@id":"https:\/\/xbike.be\/index.php\/latelier\/#breadcrumb","itemListElement":[{"@type":"ListItem","position":1,"name":"Accueil","item":"https:\/\/xbike.be\/"},{"@type":"ListItem","position":2,"name":"L\u2019atelier"}]},{"@type":"WebSite","@id":"https:\/\/xbike.be\/#website","url":"https:\/\/xbike.be\/","name":"Xbike","description":"","publisher":{"@id":"https:\/\/xbike.be\/#organization"},"potentialAction":[{"@type":"SearchAction","target":{"@type":"EntryPoint","urlTemplate":"https:\/\/xbike.be\/?s={search_term_string}"},"query-input":{"@type":"PropertyValueSpecification","valueRequired":true,"valueName":"search_term_string"}}],"inLanguage":"fr-BE"},{"@type":"Organization","@id":"https:\/\/xbike.be\/#organization","name":"Xbike","url":"https:\/\/xbike.be\/","logo":{"@type":"ImageObject","inLanguage":"fr-BE","@id":"https:\/\/xbike.be\/#\/schema\/logo\/image\/","url":"https:\/\/xbike.be\/wp-content\/uploads\/2021\/09\/logo_black.png","contentUrl":"https:\/\/xbike.be\/wp-content\/uploads\/2021\/09\/logo_black.png","width":759,"height":239,"caption":"Xbike"},"image":{"@id":"https:\/\/xbike.be\/#\/schema\/logo\/image\/"},"sameAs":["https:\/\/www.facebook.com\/xbike.be\/","https:\/\/www.instagram.com\/xbike.tournai\/?hl=fr"]}]}},"jetpack_sharing_enabled":true,"_links":{"self":[{"href":"https:\/\/xbike.be\/index.php\/wp-json\/wp\/v2\/pages\/2444","targetHints":{"allow":["GET"]}}],"collection":[{"href":"https:\/\/xbike.be\/index.php\/wp-json\/wp\/v2\/pages"}],"about":[{"href":"https:\/\/xbike.be\/index.php\/wp-json\/wp\/v2\/types\/page"}],"author":[{"embeddable":true,"href":"https:\/\/xbike.be\/index.php\/wp-json\/wp\/v2\/users\/2"}],"replies":[{"embeddable":true,"href":"https:\/\/xbike.be\/index.php\/wp-json\/wp\/v2\/comments?post=2444"}],"version-history":[{"count":86,"href":"https:\/\/xbike.be\/index.php\/wp-json\/wp\/v2\/pages\/2444\/revisions"}],"predecessor-version":[{"id":2881,"href":"https:\/\/xbike.be\/index.php\/wp-json\/wp\/v2\/pages\/2444\/revisions\/2881"}],"wp:attachment":[{"href":"https:\/\/xbike.be\/index.php\/wp-json\/wp\/v2\/media?parent=2444"}],"curies":[{"name":"wp","href":"https:\/\/api.w.org\/{rel}","templated":true}]}}