{"id":2314,"date":"2023-01-18T14:55:25","date_gmt":"2023-01-18T13:55:25","guid":{"rendered":"https:\/\/xbike.be\/?page_id=2314"},"modified":"2023-02-13T11:38:26","modified_gmt":"2023-02-13T10:38:26","slug":"retul","status":"publish","type":"page","link":"https:\/\/xbike.be\/index.php\/retul\/","title":{"rendered":"Ret\u00fcl"},"content":{"rendered":"\t\t<div data-elementor-type=\"wp-page\" data-elementor-id=\"2314\" class=\"elementor elementor-2314\">\n\t\t\t\t\t\t<div class=\"elementor-section elementor-top-section elementor-element elementor-element-666d4e3 elementor-section-full_width elementor-section-height-min-height elementor-section-height-default elementor-section-items-middle\" data-id=\"666d4e3\" data-element_type=\"section\" data-e-type=\"section\" data-settings=\"{&quot;background_background&quot;:&quot;classic&quot;}\">\n\t\t\t\t\t\t<div class=\"elementor-container elementor-column-gap-wider\">\n\t\t\t\t\t<div class=\"elementor-column elementor-col-100 elementor-top-column elementor-element elementor-element-e5bcca4\" data-id=\"e5bcca4\" data-element_type=\"column\" data-e-type=\"column\">\n\t\t\t<div class=\"elementor-widget-wrap elementor-element-populated\">\n\t\t\t\t\t\t<div class=\"elementor-element elementor-element-5e65753 elementor-widget elementor-widget-heading\" data-id=\"5e65753\" data-element_type=\"widget\" data-e-type=\"widget\" data-widget_type=\"heading.default\">\n\t\t\t\t<div class=\"elementor-widget-container\">\n\t\t\t\t\t<h2 class=\"elementor-heading-title elementor-size-default\">Le service Ret\u00fcl<br>Pour faire corps avec son v\u00e9lo<\/h2>\t\t\t\t<\/div>\n\t\t\t\t<\/div>\n\t\t\t\t\t<\/div>\n\t\t<\/div>\n\t\t\t\t\t<\/div>\n\t\t<\/div>\n\t\t\t\t<div class=\"elementor-section elementor-top-section elementor-element elementor-element-127b29a elementor-section-content-middle elementor-section-boxed elementor-section-height-default elementor-section-height-default\" data-id=\"127b29a\" data-element_type=\"section\" data-e-type=\"section\">\n\t\t\t\t\t\t<div class=\"elementor-container elementor-column-gap-wider\">\n\t\t\t\t\t<div class=\"elementor-column elementor-col-50 elementor-top-column elementor-element elementor-element-6971120\" data-id=\"6971120\" data-element_type=\"column\" data-e-type=\"column\">\n\t\t\t<div class=\"elementor-widget-wrap elementor-element-populated\">\n\t\t\t\t\t\t<div class=\"elementor-element elementor-element-4155547 elementor-widget elementor-widget-image\" data-id=\"4155547\" data-element_type=\"widget\" data-e-type=\"widget\" data-widget_type=\"image.default\">\n\t\t\t\t<div class=\"elementor-widget-container\">\n\t\t\t\t\t\t\t\t\t\t\t\t\t\t\t<img fetchpriority=\"high\" decoding=\"async\" width=\"672\" height=\"568\" src=\"https:\/\/xbike.be\/wp-content\/uploads\/2023\/02\/retul01.jpg\" class=\"attachment-large size-large wp-image-2883\" alt=\"\" srcset=\"https:\/\/xbike.be\/wp-content\/uploads\/2023\/02\/retul01.jpg 672w, https:\/\/xbike.be\/wp-content\/uploads\/2023\/02\/retul01-300x254.jpg 300w\" sizes=\"(max-width: 672px) 100vw, 672px\" \/>\t\t\t\t\t\t\t\t\t\t\t\t\t\t\t<\/div>\n\t\t\t\t<\/div>\n\t\t\t\t\t<\/div>\n\t\t<\/div>\n\t\t\t\t<div class=\"elementor-column elementor-col-50 elementor-top-column elementor-element elementor-element-8d38154\" data-id=\"8d38154\" data-element_type=\"column\" data-e-type=\"column\">\n\t\t\t<div class=\"elementor-widget-wrap elementor-element-populated\">\n\t\t\t\t\t\t<div class=\"elementor-element elementor-element-2080bed novaworks-heading-align-left novaworks-heading-fill-color elementor-widget elementor-widget-novaworks-heading\" data-id=\"2080bed\" data-element_type=\"widget\" data-e-type=\"widget\" data-widget_type=\"novaworks-heading.default\">\n\t\t\t\t<div class=\"elementor-widget-container\">\n\t\t\t\t\t\n      <div class=\"novaworks-module-content novaworks-heading-wrapper\">\n                <div class=\"novaworks-module-content novaworks-separator-parent\">\n                    <div class=\"novaworks-separator-wrap\">\n            <div class=\"novaworks-separator-line novaworks-side-left\">\n              <span><\/span>\n            <\/div>\n            <div class=\"novaworks-divider-content\">\n                      <div class=\"novaworks-module-content novaworks-imgicon-wrap elementor-animation-shrink\">                    \n                                <div class=\"novaworks-image\" itemscope itemtype=\"http:\/\/schema.org\/ImageObject\">\n              <div class=\"novaworks-image-content\">\n                              <\/div>\n            <\/div>\n                  <\/div>\n                      \n            <\/div>\n            <div class=\"novaworks-separator-line novaworks-side-right\">\n              <span><\/span>\n            <\/div>\n          <\/div>\n                          <\/div>\n        \n        <h2 class=\"novaworks-heading\">\n                        <span class=\"novaworks-heading-text elementor-inline-editing novaworks-size--default\" data-elementor-setting-key=\"heading_title\" data-elementor-inline-editing-toolbar=\"basic\" >Le Ret\u00fcl<\/span>\n                  <\/h2>\n\n        \n        \n        \n                <\/div>\n      \t\t\t\t<\/div>\n\t\t\t\t<\/div>\n\t\t\t\t<div class=\"elementor-element elementor-element-31886ec elementor-widget elementor-widget-heading\" data-id=\"31886ec\" data-element_type=\"widget\" data-e-type=\"widget\" data-widget_type=\"heading.default\">\n\t\t\t\t<div class=\"elementor-widget-container\">\n\t\t\t\t\t<div class=\"elementor-heading-title elementor-size-default\">L\u2019objectif num\u00e9ro un de cette technologie invent\u00e9e par Specialized est le confort sur le v\u00e9lo. C\u2019est une m\u00e9thode de positionnement unique qui permet d\u2019obtenir une position de pilotage optimale. Pour cela, elle prend en compte les points de contact entre vous et votre v\u00e9lo, puis analyse votre p\u00e9dalage. La m\u00e9thode est con\u00e7ue scientifiquement pour am\u00e9liorer la puissance, l\u2019endurance et le confort en personnalisant les trois points de contact entre le cycliste et son v\u00e9lo.<\/div>\t\t\t\t<\/div>\n\t\t\t\t<\/div>\n\t\t\t\t<div class=\"elementor-element elementor-element-0de59dc elementor-widget elementor-widget-icon-box\" data-id=\"0de59dc\" data-element_type=\"widget\" data-e-type=\"widget\" data-widget_type=\"icon-box.default\">\n\t\t\t\t<div class=\"elementor-widget-container\">\n\t\t\t\t\t\t\t<div class=\"elementor-icon-box-wrapper\">\n\n\t\t\t\n\t\t\t\t\t\t<div class=\"elementor-icon-box-content\">\n\n\t\t\t\t\n\t\t\t\t\t\t\t\t\t<p class=\"elementor-icon-box-description\">\n\t\t\t\t\t\tSpecialized a \u00e9t\u00e9 une des premi\u00e8res marques \u00e0 se soucier du confort du cycliste, une des raisons pour laquelle Xbike est devenu partenaire et diffuseur de la marque dans le Hainaut.\t\t\t\t\t<\/p>\n\t\t\t\t\n\t\t\t<\/div>\n\t\t\t\n\t\t<\/div>\n\t\t\t\t\t\t<\/div>\n\t\t\t\t<\/div>\n\t\t\t\t\t<\/div>\n\t\t<\/div>\n\t\t\t\t\t<\/div>\n\t\t<\/div>\n\t\t\t\t<div class=\"elementor-section elementor-top-section elementor-element elementor-element-b56c88b elementor-section-full_width elementor-section-height-min-height elementor-section-items-top elementor-section-height-default\" data-id=\"b56c88b\" data-element_type=\"section\" data-e-type=\"section\" data-settings=\"{&quot;background_background&quot;:&quot;classic&quot;}\">\n\t\t\t\t\t\t\t<div class=\"elementor-background-overlay\"><\/div>\n\t\t\t\t\t\t\t<div class=\"elementor-container elementor-column-gap-default\">\n\t\t\t\t\t<div class=\"elementor-column elementor-col-100 elementor-top-column elementor-element elementor-element-6e1384f\" data-id=\"6e1384f\" data-element_type=\"column\" data-e-type=\"column\">\n\t\t\t<div class=\"elementor-widget-wrap elementor-element-populated\">\n\t\t\t\t\t\t<div class=\"elementor-element elementor-element-31dd4fd elementor-absolute elementor-hidden-mobile_extra elementor-hidden-mobile elementor-widget elementor-widget-heading\" data-id=\"31dd4fd\" data-element_type=\"widget\" data-e-type=\"widget\" data-settings=\"{&quot;_position&quot;:&quot;absolute&quot;}\" data-widget_type=\"heading.default\">\n\t\t\t\t<div class=\"elementor-widget-container\">\n\t\t\t\t\t<h2 class=\"elementor-heading-title elementor-size-default\"><br>Ret\u00fcl<\/h2>\t\t\t\t<\/div>\n\t\t\t\t<\/div>\n\t\t\t\t<div class=\"elementor-element elementor-element-b9a335c elementor-widget__width-auto elementor-absolute elementor-widget elementor-widget-novaworks-video-modal\" data-id=\"b9a335c\" data-element_type=\"widget\" data-e-type=\"widget\" data-settings=\"{&quot;_position&quot;:&quot;absolute&quot;}\" data-widget_type=\"novaworks-video-modal.default\">\n\t\t\t\t<div class=\"elementor-widget-container\">\n\t\t\t\t\t<div class=\"nova-video-modal\"><a href=\"https:\/\/www.youtube.com\/watch?v=hgNJhySirgc\" class=\"js-video-modal video-modal-btn\"><i aria-hidden=\"true\" class=\"novaicon media-1_button-play\"><\/i><\/a><\/div>\t\t\t\t<\/div>\n\t\t\t\t<\/div>\n\t\t\t\t\t<\/div>\n\t\t<\/div>\n\t\t\t\t\t<\/div>\n\t\t<\/div>\n\t\t\t\t<div class=\"elementor-section elementor-top-section elementor-element elementor-element-e700079 elementor-section-content-middle elementor-reverse-mobile_extra elementor-reverse-mobile elementor-section-boxed elementor-section-height-default elementor-section-height-default\" data-id=\"e700079\" data-element_type=\"section\" data-e-type=\"section\" data-settings=\"{&quot;background_background&quot;:&quot;classic&quot;}\">\n\t\t\t\t\t\t<div class=\"elementor-container elementor-column-gap-wider\">\n\t\t\t\t\t<div class=\"elementor-column elementor-col-50 elementor-top-column elementor-element elementor-element-f3a98c6\" data-id=\"f3a98c6\" data-element_type=\"column\" data-e-type=\"column\">\n\t\t\t<div class=\"elementor-widget-wrap elementor-element-populated\">\n\t\t\t\t\t\t<div class=\"elementor-element elementor-element-052ed34 novaworks-heading-align-left novaworks-heading-fill-color elementor-widget elementor-widget-novaworks-heading\" data-id=\"052ed34\" data-element_type=\"widget\" data-e-type=\"widget\" data-widget_type=\"novaworks-heading.default\">\n\t\t\t\t<div class=\"elementor-widget-container\">\n\t\t\t\t\t\n      <div class=\"novaworks-module-content novaworks-heading-wrapper\">\n                <div class=\"novaworks-module-content novaworks-separator-parent\">\n                    <div class=\"novaworks-separator-wrap\">\n            <div class=\"novaworks-separator-line novaworks-side-left\">\n              <span><\/span>\n            <\/div>\n            <div class=\"novaworks-divider-content\">\n                      <div class=\"novaworks-module-content novaworks-imgicon-wrap elementor-animation-shrink\">                    \n                                <div class=\"novaworks-image\" itemscope itemtype=\"http:\/\/schema.org\/ImageObject\">\n              <div class=\"novaworks-image-content\">\n                              <\/div>\n            <\/div>\n                  <\/div>\n                      \n            <\/div>\n            <div class=\"novaworks-separator-line novaworks-side-right\">\n              <span><\/span>\n            <\/div>\n          <\/div>\n                          <\/div>\n        \n        <h2 class=\"novaworks-heading\">\n                        <span class=\"novaworks-heading-text elementor-inline-editing novaworks-size--default\" data-elementor-setting-key=\"heading_title\" data-elementor-inline-editing-toolbar=\"basic\" >Quand r\u00e9aliser une \u00e9tude posturale ?<\/span>\n                  <\/h2>\n\n        \n        \n        \n                <\/div>\n      \t\t\t\t<\/div>\n\t\t\t\t<\/div>\n\t\t\t\t<div class=\"elementor-element elementor-element-6ef76cc elementor-widget elementor-widget-toggle\" data-id=\"6ef76cc\" data-element_type=\"widget\" data-e-type=\"widget\" data-widget_type=\"toggle.default\">\n\t\t\t\t<div class=\"elementor-widget-container\">\n\t\t\t\t\t\t\t<div class=\"elementor-toggle\">\n\t\t\t\t\t\t\t<div class=\"elementor-toggle-item\">\n\t\t\t\t\t<div id=\"elementor-tab-title-1161\" class=\"elementor-tab-title\" data-tab=\"1\" role=\"button\" aria-controls=\"elementor-tab-content-1161\" aria-expanded=\"false\">\n\t\t\t\t\t\t\t\t\t\t\t\t<a class=\"elementor-toggle-title\" tabindex=\"0\">A l\u2019achat de votre v\u00e9lo<\/a>\n\t\t\t\t\t<\/div>\n\n\t\t\t\t\t<div id=\"elementor-tab-content-1161\" class=\"elementor-tab-content elementor-clearfix\" data-tab=\"1\" role=\"region\" aria-labelledby=\"elementor-tab-title-1161\"><p>Vous s\u00e9lectionnerez ainsi le v\u00e9lo qui vous convient le mieux.<\/p><\/div>\n\t\t\t\t<\/div>\n\t\t\t\t\t\t\t<div class=\"elementor-toggle-item\">\n\t\t\t\t\t<div id=\"elementor-tab-title-1162\" class=\"elementor-tab-title\" data-tab=\"2\" role=\"button\" aria-controls=\"elementor-tab-content-1162\" aria-expanded=\"false\">\n\t\t\t\t\t\t\t\t\t\t\t\t<a class=\"elementor-toggle-title\" tabindex=\"0\">Lorsque vous vous lancez de nouveaux objectifs<\/a>\n\t\t\t\t\t<\/div>\n\n\t\t\t\t\t<div id=\"elementor-tab-content-1162\" class=\"elementor-tab-content elementor-clearfix\" data-tab=\"2\" role=\"region\" aria-labelledby=\"elementor-tab-title-1162\"><p>L\u2019\u00e9tude posturale pourra r\u00e9duire le risque de blessures et augmenter votre performance.<\/p><\/div>\n\t\t\t\t<\/div>\n\t\t\t\t\t\t\t<div class=\"elementor-toggle-item\">\n\t\t\t\t\t<div id=\"elementor-tab-title-1163\" class=\"elementor-tab-title\" data-tab=\"3\" role=\"button\" aria-controls=\"elementor-tab-content-1163\" aria-expanded=\"false\">\n\t\t\t\t\t\t\t\t\t\t\t\t<a class=\"elementor-toggle-title\" tabindex=\"0\">Lorsque vous avez progress\u00e9<\/a>\n\t\t\t\t\t<\/div>\n\n\t\t\t\t\t<div id=\"elementor-tab-content-1163\" class=\"elementor-tab-content elementor-clearfix\" data-tab=\"3\" role=\"region\" aria-labelledby=\"elementor-tab-title-1163\"><p>L\u2019\u00e9tude du positionnement va vous permettre d\u2019adapter votre v\u00e9lo \u00e0 vos changements.<\/p><\/div>\n\t\t\t\t<\/div>\n\t\t\t\t\t\t\t\t<\/div>\n\t\t\t\t\t\t<\/div>\n\t\t\t\t<\/div>\n\t\t\t\t\t<\/div>\n\t\t<\/div>\n\t\t\t\t<div class=\"elementor-column elementor-col-50 elementor-top-column elementor-element elementor-element-1fc75ea\" data-id=\"1fc75ea\" data-element_type=\"column\" data-e-type=\"column\">\n\t\t\t<div class=\"elementor-widget-wrap elementor-element-populated\">\n\t\t\t\t\t\t<div class=\"elementor-element elementor-element-bb2ae35 elementor-widget elementor-widget-image\" data-id=\"bb2ae35\" data-element_type=\"widget\" data-e-type=\"widget\" data-widget_type=\"image.default\">\n\t\t\t\t<div class=\"elementor-widget-container\">\n\t\t\t\t\t\t\t\t\t\t\t\t\t\t\t<img decoding=\"async\" width=\"490\" height=\"633\" src=\"https:\/\/xbike.be\/wp-content\/uploads\/2023\/01\/2ret.jpg\" class=\"attachment-large size-large wp-image-2341\" alt=\"\" srcset=\"https:\/\/xbike.be\/wp-content\/uploads\/2023\/01\/2ret.jpg 490w, https:\/\/xbike.be\/wp-content\/uploads\/2023\/01\/2ret-232x300.jpg 232w\" sizes=\"(max-width: 490px) 100vw, 490px\" \/>\t\t\t\t\t\t\t\t\t\t\t\t\t\t\t<\/div>\n\t\t\t\t<\/div>\n\t\t\t\t<div class=\"elementor-element elementor-element-785aa32 elementor-widget elementor-widget-spacer\" data-id=\"785aa32\" data-element_type=\"widget\" data-e-type=\"widget\" data-widget_type=\"spacer.default\">\n\t\t\t\t<div class=\"elementor-widget-container\">\n\t\t\t\t\t\t\t<div class=\"elementor-spacer\">\n\t\t\t<div class=\"elementor-spacer-inner\"><\/div>\n\t\t<\/div>\n\t\t\t\t\t\t<\/div>\n\t\t\t\t<\/div>\n\t\t\t\t\t<\/div>\n\t\t<\/div>\n\t\t\t\t\t<\/div>\n\t\t<\/div>\n\t\t\t\t<\/div>\n\t\t","protected":false},"excerpt":{"rendered":"<p>Le service Ret\u00fclPour faire corps avec son v\u00e9lo Le Ret\u00fcl L\u2019objectif num\u00e9ro un de cette technologie invent\u00e9e par Specialized est le confort sur le v\u00e9lo. C\u2019est une m\u00e9thode de positionnement unique qui permet d\u2019obtenir une position de pilotage optimale. Pour cela, elle prend en compte les points de contact entre vous et votre v\u00e9lo, puis analyse votre p\u00e9dalage. La m\u00e9thode\u2026<\/p>\n","protected":false},"author":2,"featured_media":0,"parent":0,"menu_order":0,"comment_status":"closed","ping_status":"closed","template":"elementor_header_footer","meta":{"_seopress_robots_primary_cat":"","_seopress_titles_title":"","_seopress_titles_desc":"","_seopress_robots_index":"","footnotes":""},"class_list":["post-2314","page","type-page","status-publish","hentry"],"yoast_head":"<!-- This site is optimized with the Yoast SEO plugin v27.2 - https:\/\/yoast.com\/product\/yoast-seo-wordpress\/ -->\n<title>Ret\u00fcl | Magasin de vente de v\u00e9los &amp; accessoires \u00e0 Tournai<\/title>\n<meta name=\"description\" content=\"L\u2019objectif num\u00e9ro un de cette technologie invent\u00e9e par Specialized est le confort sur le v\u00e9lo.\" \/>\n<meta name=\"robots\" content=\"index, follow, max-snippet:-1, max-image-preview:large, max-video-preview:-1\" \/>\n<link rel=\"canonical\" href=\"https:\/\/xbike.be\/index.php\/retul\/\" \/>\n<meta property=\"og:locale\" content=\"fr_FR\" \/>\n<meta property=\"og:type\" content=\"article\" \/>\n<meta property=\"og:title\" content=\"Ret\u00fcl | Magasin de vente de v\u00e9los &amp; accessoires \u00e0 Tournai\" \/>\n<meta property=\"og:description\" content=\"L\u2019objectif num\u00e9ro un de cette technologie invent\u00e9e par Specialized est le confort sur le v\u00e9lo.\" \/>\n<meta property=\"og:url\" content=\"https:\/\/xbike.be\/index.php\/retul\/\" \/>\n<meta property=\"og:site_name\" content=\"Xbike\" \/>\n<meta property=\"article:publisher\" content=\"https:\/\/www.facebook.com\/xbike.be\/\" \/>\n<meta property=\"article:modified_time\" content=\"2023-02-13T10:38:26+00:00\" \/>\n<meta property=\"og:image\" content=\"https:\/\/xbike.be\/wp-content\/uploads\/2023\/02\/retul01.jpg\" \/>\n<meta name=\"twitter:card\" content=\"summary_large_image\" \/>\n<meta name=\"twitter:label1\" content=\"Dur\u00e9e de lecture est.\" \/>\n\t<meta name=\"twitter:data1\" content=\"2 minutes\" \/>\n<script type=\"application\/ld+json\" class=\"yoast-schema-graph\">{\"@context\":\"https:\/\/schema.org\",\"@graph\":[{\"@type\":\"WebPage\",\"@id\":\"https:\/\/xbike.be\/index.php\/retul\/\",\"url\":\"https:\/\/xbike.be\/index.php\/retul\/\",\"name\":\"Ret\u00fcl | Magasin de vente de v\u00e9los & accessoires \u00e0 Tournai\",\"isPartOf\":{\"@id\":\"https:\/\/xbike.be\/#website\"},\"primaryImageOfPage\":{\"@id\":\"https:\/\/xbike.be\/index.php\/retul\/#primaryimage\"},\"image\":{\"@id\":\"https:\/\/xbike.be\/index.php\/retul\/#primaryimage\"},\"thumbnailUrl\":\"https:\/\/xbike.be\/wp-content\/uploads\/2023\/02\/retul01.jpg\",\"datePublished\":\"2023-01-18T13:55:25+00:00\",\"dateModified\":\"2023-02-13T10:38:26+00:00\",\"description\":\"L\u2019objectif num\u00e9ro un de cette technologie invent\u00e9e par Specialized est le confort sur le v\u00e9lo.\",\"breadcrumb\":{\"@id\":\"https:\/\/xbike.be\/index.php\/retul\/#breadcrumb\"},\"inLanguage\":\"fr-BE\",\"potentialAction\":[{\"@type\":\"ReadAction\",\"target\":[\"https:\/\/xbike.be\/index.php\/retul\/\"]}]},{\"@type\":\"ImageObject\",\"inLanguage\":\"fr-BE\",\"@id\":\"https:\/\/xbike.be\/index.php\/retul\/#primaryimage\",\"url\":\"https:\/\/xbike.be\/wp-content\/uploads\/2023\/02\/retul01.jpg\",\"contentUrl\":\"https:\/\/xbike.be\/wp-content\/uploads\/2023\/02\/retul01.jpg\",\"width\":672,\"height\":568},{\"@type\":\"BreadcrumbList\",\"@id\":\"https:\/\/xbike.be\/index.php\/retul\/#breadcrumb\",\"itemListElement\":[{\"@type\":\"ListItem\",\"position\":1,\"name\":\"Accueil\",\"item\":\"https:\/\/xbike.be\/\"},{\"@type\":\"ListItem\",\"position\":2,\"name\":\"Ret\u00fcl\"}]},{\"@type\":\"WebSite\",\"@id\":\"https:\/\/xbike.be\/#website\",\"url\":\"https:\/\/xbike.be\/\",\"name\":\"Xbike\",\"description\":\"\",\"publisher\":{\"@id\":\"https:\/\/xbike.be\/#organization\"},\"potentialAction\":[{\"@type\":\"SearchAction\",\"target\":{\"@type\":\"EntryPoint\",\"urlTemplate\":\"https:\/\/xbike.be\/?s={search_term_string}\"},\"query-input\":{\"@type\":\"PropertyValueSpecification\",\"valueRequired\":true,\"valueName\":\"search_term_string\"}}],\"inLanguage\":\"fr-BE\"},{\"@type\":\"Organization\",\"@id\":\"https:\/\/xbike.be\/#organization\",\"name\":\"Xbike\",\"url\":\"https:\/\/xbike.be\/\",\"logo\":{\"@type\":\"ImageObject\",\"inLanguage\":\"fr-BE\",\"@id\":\"https:\/\/xbike.be\/#\/schema\/logo\/image\/\",\"url\":\"https:\/\/xbike.be\/wp-content\/uploads\/2021\/09\/logo_black.png\",\"contentUrl\":\"https:\/\/xbike.be\/wp-content\/uploads\/2021\/09\/logo_black.png\",\"width\":759,\"height\":239,\"caption\":\"Xbike\"},\"image\":{\"@id\":\"https:\/\/xbike.be\/#\/schema\/logo\/image\/\"},\"sameAs\":[\"https:\/\/www.facebook.com\/xbike.be\/\",\"https:\/\/www.instagram.com\/xbike.tournai\/?hl=fr\"]}]}<\/script>\n<!-- \/ Yoast SEO plugin. -->","yoast_head_json":{"title":"Ret\u00fcl | Magasin de vente de v\u00e9los & accessoires \u00e0 Tournai","description":"L\u2019objectif num\u00e9ro un de cette technologie invent\u00e9e par Specialized est le confort sur le v\u00e9lo.","robots":{"index":"index","follow":"follow","max-snippet":"max-snippet:-1","max-image-preview":"max-image-preview:large","max-video-preview":"max-video-preview:-1"},"canonical":"https:\/\/xbike.be\/index.php\/retul\/","og_locale":"fr_FR","og_type":"article","og_title":"Ret\u00fcl | Magasin de vente de v\u00e9los & accessoires \u00e0 Tournai","og_description":"L\u2019objectif num\u00e9ro un de cette technologie invent\u00e9e par Specialized est le confort sur le v\u00e9lo.","og_url":"https:\/\/xbike.be\/index.php\/retul\/","og_site_name":"Xbike","article_publisher":"https:\/\/www.facebook.com\/xbike.be\/","article_modified_time":"2023-02-13T10:38:26+00:00","og_image":[{"url":"https:\/\/xbike.be\/wp-content\/uploads\/2023\/02\/retul01.jpg","type":"","width":"","height":""}],"twitter_card":"summary_large_image","twitter_misc":{"Dur\u00e9e de lecture est.":"2 minutes"},"schema":{"@context":"https:\/\/schema.org","@graph":[{"@type":"WebPage","@id":"https:\/\/xbike.be\/index.php\/retul\/","url":"https:\/\/xbike.be\/index.php\/retul\/","name":"Ret\u00fcl | Magasin de vente de v\u00e9los & accessoires \u00e0 Tournai","isPartOf":{"@id":"https:\/\/xbike.be\/#website"},"primaryImageOfPage":{"@id":"https:\/\/xbike.be\/index.php\/retul\/#primaryimage"},"image":{"@id":"https:\/\/xbike.be\/index.php\/retul\/#primaryimage"},"thumbnailUrl":"https:\/\/xbike.be\/wp-content\/uploads\/2023\/02\/retul01.jpg","datePublished":"2023-01-18T13:55:25+00:00","dateModified":"2023-02-13T10:38:26+00:00","description":"L\u2019objectif num\u00e9ro un de cette technologie invent\u00e9e par Specialized est le confort sur le v\u00e9lo.","breadcrumb":{"@id":"https:\/\/xbike.be\/index.php\/retul\/#breadcrumb"},"inLanguage":"fr-BE","potentialAction":[{"@type":"ReadAction","target":["https:\/\/xbike.be\/index.php\/retul\/"]}]},{"@type":"ImageObject","inLanguage":"fr-BE","@id":"https:\/\/xbike.be\/index.php\/retul\/#primaryimage","url":"https:\/\/xbike.be\/wp-content\/uploads\/2023\/02\/retul01.jpg","contentUrl":"https:\/\/xbike.be\/wp-content\/uploads\/2023\/02\/retul01.jpg","width":672,"height":568},{"@type":"BreadcrumbList","@id":"https:\/\/xbike.be\/index.php\/retul\/#breadcrumb","itemListElement":[{"@type":"ListItem","position":1,"name":"Accueil","item":"https:\/\/xbike.be\/"},{"@type":"ListItem","position":2,"name":"Ret\u00fcl"}]},{"@type":"WebSite","@id":"https:\/\/xbike.be\/#website","url":"https:\/\/xbike.be\/","name":"Xbike","description":"","publisher":{"@id":"https:\/\/xbike.be\/#organization"},"potentialAction":[{"@type":"SearchAction","target":{"@type":"EntryPoint","urlTemplate":"https:\/\/xbike.be\/?s={search_term_string}"},"query-input":{"@type":"PropertyValueSpecification","valueRequired":true,"valueName":"search_term_string"}}],"inLanguage":"fr-BE"},{"@type":"Organization","@id":"https:\/\/xbike.be\/#organization","name":"Xbike","url":"https:\/\/xbike.be\/","logo":{"@type":"ImageObject","inLanguage":"fr-BE","@id":"https:\/\/xbike.be\/#\/schema\/logo\/image\/","url":"https:\/\/xbike.be\/wp-content\/uploads\/2021\/09\/logo_black.png","contentUrl":"https:\/\/xbike.be\/wp-content\/uploads\/2021\/09\/logo_black.png","width":759,"height":239,"caption":"Xbike"},"image":{"@id":"https:\/\/xbike.be\/#\/schema\/logo\/image\/"},"sameAs":["https:\/\/www.facebook.com\/xbike.be\/","https:\/\/www.instagram.com\/xbike.tournai\/?hl=fr"]}]}},"jetpack_sharing_enabled":true,"_links":{"self":[{"href":"https:\/\/xbike.be\/index.php\/wp-json\/wp\/v2\/pages\/2314","targetHints":{"allow":["GET"]}}],"collection":[{"href":"https:\/\/xbike.be\/index.php\/wp-json\/wp\/v2\/pages"}],"about":[{"href":"https:\/\/xbike.be\/index.php\/wp-json\/wp\/v2\/types\/page"}],"author":[{"embeddable":true,"href":"https:\/\/xbike.be\/index.php\/wp-json\/wp\/v2\/users\/2"}],"replies":[{"embeddable":true,"href":"https:\/\/xbike.be\/index.php\/wp-json\/wp\/v2\/comments?post=2314"}],"version-history":[{"count":51,"href":"https:\/\/xbike.be\/index.php\/wp-json\/wp\/v2\/pages\/2314\/revisions"}],"predecessor-version":[{"id":2887,"href":"https:\/\/xbike.be\/index.php\/wp-json\/wp\/v2\/pages\/2314\/revisions\/2887"}],"wp:attachment":[{"href":"https:\/\/xbike.be\/index.php\/wp-json\/wp\/v2\/media?parent=2314"}],"curies":[{"name":"wp","href":"https:\/\/api.w.org\/{rel}","templated":true}]}}